{"id":725,"date":"2024-06-10T17:43:10","date_gmt":"2024-06-10T14:43:10","guid":{"rendered":"https:\/\/dev.koodaajia.fi\/?page_id=725"},"modified":"2024-10-04T14:39:36","modified_gmt":"2024-10-04T11:39:36","slug":"evastekaytannot","status":"publish","type":"page","link":"https:\/\/koodaajia.fi\/en\/evastekaytannot\/","title":{"rendered":"Tietoa ev\u00e4steist\u00e4"},"content":{"rendered":"<h1 class=\"wp-block-heading has-text-align-center is-style-default has-x-large-font-size\" id=\"0-vuokraa-ohjelmistokehitt%C3%A4j%C3%A4\" style=\"padding-top:var(--wp--preset--spacing--small)\">Cookie Policy<\/h1>\n\n\n\n<div style=\"height:21px\" aria-hidden=\"true\" class=\"wp-block-spacer\"><\/div>\n\n\n\n<div class=\"wp-block-group has-global-padding is-content-justification-center is-layout-constrained wp-container-core-group-is-layout-634e5fdb wp-block-group-is-layout-constrained\" style=\"padding-top:var(--wp--preset--spacing--small)\">\n<p><br><br><strong>Cookie Policy<\/strong><br>Effective date: July 29, 2024<br>Last updated: July 31, 2024<\/p>\n\n\n\n<p><\/p>\n\n\n\n<p><br><strong>What are cookies?<\/strong><br>This cookie policy explains what cookies are and how we use them, the types of cookies we use, what information we collect through cookies and how that information is used, and how you can manage your cookie settings.<\/p>\n\n\n\n<p>Cookies are small text files used to store small amounts of data. They are saved to your device when a website is loaded in your browser. These cookies help us ensure the proper functioning of the website, make it more secure, provide a better user experience, and understand how the website operates by analyzing what works and what needs improvement.<\/p>\n\n\n\n<p><\/p>\n\n\n\n<p><br><strong>How do we use cookies?<\/strong><br>Like most web services, our website uses both first-party and third-party cookies for various purposes. First-party cookies are mostly necessary for the proper functioning of the website and do not collect any personally identifiable information.<\/p>\n\n\n\n<p>Third-party cookies are primarily used to understand how the website functions, how you interact with our website, to keep our services secure, to provide you with relevant advertisements, and overall to offer you a better and enhanced user experience, as well as to help speed up future visits to our website.<\/p>\n\n\n\n<p><\/p>\n\n\n\n<p><br><strong>Types of cookies we use:<\/strong><\/p>\n\n\n\n<div class=\"cky-audit-table-element\"><\/div>\n\n\n\n<p><br><strong>How to manage cookies:<\/strong><br>You can manage and\/or delete cookies in any way you prefer. You can delete all cookies on your computer and set most browsers to block their placement. However, if you do this, you may need to manually adjust some settings each time you visit a site, and some services and functionalities may not work properly.<\/p>\n\n\n\n<p><\/p>\n\n\n\n<p><br><strong>Contact Information:<\/strong><br>If you have any questions or comments about our cookie policy and this statement, please contact us using the following contact details:<br><\/p>\n\n\n\n<p><br>ECPro s.r.o.<br>info@ecprohouse.com<\/p>\n\n\n\n<p>Klincov\u00e1 35<br>Bratislava 821 08<br>Slovakia<\/p>\n\n\n\n<p><\/p>\n\n\n\n<p><br><strong>More information:<\/strong><br>For more information about cookies, including how to see what cookies have been set and how to manage and delete them, visit: <a href=\"http:\/\/www.allaboutcookies.org\">www.allaboutcookies.org<\/a>.<\/p>\n\n\n\n<p><\/p>\n\n\n\n<p style=\"padding-bottom:var(--wp--preset--spacing--small)\"><br><strong>Manage cookie settings<\/strong><\/p>\n\n\n\n<div class=\"wp-block-columns is-layout-flex wp-container-core-columns-is-layout-28f84493 wp-block-columns-is-layout-flex\">\n<div class=\"wp-block-column is-layout-flow wp-block-column-is-layout-flow\">\n<style>\n    a.cky-banner-element {\n        padding: 8px 30px;\n        background: #F8F9FA;\n        color: #858A8F;\n        border: 1px solid #DEE2E6;\n        box-sizing: border-box;\n        border-radius: 2px;\n        cursor: pointer;\n}\n<\/style>\n\n<a class=\"cky-banner-element\">Cookie Settings<\/a> <br\/>\n<\/div>\n<\/div>\n\n\n\n<p><br>You can change your cookie settings at any time by clicking the button above. This will allow you to return to the cookie consent banner and modify your settings or withdraw your consent immediately.<\/p>\n\n\n\n<p>Additionally, different browsers offer various methods for blocking and deleting cookies. You can change your browser settings to block\/delete cookies. Below are links to instructions on how to manage and delete cookies for major browsers.<\/p>\n\n\n\n<p><\/p>\n\n\n\n<p><br>Chrome: <a href=\"https:\/\/support.google.com\/accounts\/answer\/32050\">https:\/\/support.google.com\/accounts\/answer\/32050<\/a><\/p>\n\n\n\n<p>Safari: <a href=\"https:\/\/support.apple.com\/en-in\/guide\/safari\/sfri11471\/mac\">https:\/\/support.apple.com\/en-in\/guide\/safari\/sfri11471\/mac<\/a><\/p>\n\n\n\n<p>Firefox: <a href=\"https:\/\/support.mozilla.org\/en-US\/kb\/clear-cookies-and-site-data-firefox?redirectslug=delete-cookies-remove-info-websites-stored&amp;redirectlocale=en-US\">https:\/\/support.mozilla.org\/en-US\/kb\/clear-cookies-and-site-data-firefox?redirectslug=delete-cookies-remove-info-websites-stored&amp;redirectlocale=en-US<\/a><\/p>\n\n\n\n<p>Internet Explorer: <a href=\"https:\/\/support.microsoft.com\/en-us\/topic\/how-to-delete-cookie-files-in-internet-explorer-bca9446f-d873-78de-77ba-d42645fa52fc\">https:\/\/support.microsoft.com\/en-us\/topic\/how-to-delete-cookie-files-in-internet-explorer-bca9446f-d873-78de-77ba-d42645fa52fc<\/a><\/p>\n\n\n\n<p><\/p>\n\n\n\n<p style=\"padding-bottom:var(--wp--preset--spacing--small)\"><br>If you are using a different web browser, please refer to the official support documentation for your browser.<\/p>\n\n\n\n<div class=\"wp-block-columns is-layout-flex wp-container-core-columns-is-layout-28f84493 wp-block-columns-is-layout-flex\">\n<div class=\"wp-block-column is-layout-flow wp-block-column-is-layout-flow\">\n<a style=\"font-weight:bold\" href=\"javascript:history.back()\">Back to the previous page<\/a>\n<\/div>\n<\/div>\n\n\n\n<div style=\"height:21px\" aria-hidden=\"true\" class=\"wp-block-spacer\"><\/div>\n<\/div>","protected":false},"excerpt":{"rendered":"<p>Ev\u00e4stek\u00e4yt\u00e4nn\u00f6t Ev\u00e4stek\u00e4yt\u00e4nn\u00f6tVoimaantulop\u00e4iv\u00e4: 29. hein\u00e4kuuta 2024Viimeksi p\u00e4ivitetty: 31. hein\u00e4kuuta 2024 Mit\u00e4 ev\u00e4steet ovat?T\u00e4m\u00e4 ev\u00e4stek\u00e4yt\u00e4nt\u00f6 selitt\u00e4\u00e4, mit\u00e4 ev\u00e4steet ovat ja miten me k\u00e4yt\u00e4mme niit\u00e4, mink\u00e4 tyyppisi\u00e4 ev\u00e4steit\u00e4 k\u00e4yt\u00e4mme, eli mit\u00e4 tietoja ker\u00e4\u00e4mme ev\u00e4steiden avulla ja miten n\u00e4it\u00e4 tietoja k\u00e4ytet\u00e4\u00e4n, sek\u00e4 miten voit hallita ev\u00e4steasetuksia. Ev\u00e4steet ovat pieni\u00e4 tekstitiedostoja, joita k\u00e4ytet\u00e4\u00e4n pienten tietom\u00e4\u00e4rien tallentamiseen. Ne tallennetaan laitteellesi, kun [&hellip;]<\/p>\n","protected":false},"author":7,"featured_media":0,"parent":0,"menu_order":0,"comment_status":"closed","ping_status":"closed","template":"fullwidth","meta":{"_coblocks_attr":"","_coblocks_dimensions":"","_coblocks_responsive_height":"","_coblocks_accordion_ie_support":"","_eb_attr":"","content-type":"","footnotes":""},"class_list":["post-725","page","type-page","status-publish","hentry"],"featured_image_src":null,"yoast_head":"<!-- This site is optimized with the Yoast SEO plugin v27.4 - https:\/\/yoast.com\/product\/yoast-seo-wordpress\/ -->\n<title>Tietoa ev\u00e4steist\u00e4 - Koodaajia.fi<\/title>\n<meta name=\"robots\" content=\"noindex, nofollow\" \/>\n<meta property=\"og:locale\" content=\"en_US\" \/>\n<meta property=\"og:type\" content=\"article\" \/>\n<meta property=\"og:title\" content=\"Tietoa ev\u00e4steist\u00e4 - Koodaajia.fi\" \/>\n<meta property=\"og:description\" content=\"Ev\u00e4stek\u00e4yt\u00e4nn\u00f6t Ev\u00e4stek\u00e4yt\u00e4nn\u00f6tVoimaantulop\u00e4iv\u00e4: 29. hein\u00e4kuuta 2024Viimeksi p\u00e4ivitetty: 31. hein\u00e4kuuta 2024 Mit\u00e4 ev\u00e4steet ovat?T\u00e4m\u00e4 ev\u00e4stek\u00e4yt\u00e4nt\u00f6 selitt\u00e4\u00e4, mit\u00e4 ev\u00e4steet ovat ja miten me k\u00e4yt\u00e4mme niit\u00e4, mink\u00e4 tyyppisi\u00e4 ev\u00e4steit\u00e4 k\u00e4yt\u00e4mme, eli mit\u00e4 tietoja ker\u00e4\u00e4mme ev\u00e4steiden avulla ja miten n\u00e4it\u00e4 tietoja k\u00e4ytet\u00e4\u00e4n, sek\u00e4 miten voit hallita ev\u00e4steasetuksia. Ev\u00e4steet ovat pieni\u00e4 tekstitiedostoja, joita k\u00e4ytet\u00e4\u00e4n pienten tietom\u00e4\u00e4rien tallentamiseen. Ne tallennetaan laitteellesi, kun [&hellip;]\" \/>\n<meta property=\"og:url\" content=\"https:\/\/koodaajia.fi\/en\/evastekaytannot\/\" \/>\n<meta property=\"og:site_name\" content=\"Koodaajia.fi\" \/>\n<meta property=\"article:publisher\" content=\"https:\/\/www.facebook.com\/koodaajia\/\" \/>\n<meta property=\"article:modified_time\" content=\"2024-10-04T11:39:36+00:00\" \/>\n<meta property=\"og:image\" content=\"https:\/\/koodaajia.fi\/wp-content\/uploads\/2024\/09\/SEO_site_image.jpg\" \/>\n\t<meta property=\"og:image:width\" content=\"1200\" \/>\n\t<meta property=\"og:image:height\" content=\"675\" \/>\n\t<meta property=\"og:image:type\" content=\"image\/jpeg\" \/>\n<meta name=\"twitter:card\" content=\"summary_large_image\" \/>\n<meta name=\"twitter:site\" content=\"@koodaajia\" \/>\n<meta name=\"twitter:label1\" content=\"Est. reading time\" \/>\n\t<meta name=\"twitter:data1\" content=\"3 minutes\" \/>\n<script type=\"application\/ld+json\" class=\"yoast-schema-graph\">{\"@context\":\"https:\\\/\\\/schema.org\",\"@graph\":[{\"@type\":\"WebPage\",\"@id\":\"https:\\\/\\\/koodaajia.fi\\\/evastekaytannot\\\/\",\"url\":\"https:\\\/\\\/koodaajia.fi\\\/evastekaytannot\\\/\",\"name\":\"Tietoa ev\u00e4steist\u00e4 - Koodaajia.fi\",\"isPartOf\":{\"@id\":\"https:\\\/\\\/koodaajia.fi\\\/#website\"},\"datePublished\":\"2024-06-10T14:43:10+00:00\",\"dateModified\":\"2024-10-04T11:39:36+00:00\",\"breadcrumb\":{\"@id\":\"https:\\\/\\\/koodaajia.fi\\\/evastekaytannot\\\/#breadcrumb\"},\"inLanguage\":\"en-US\",\"potentialAction\":[{\"@type\":\"ReadAction\",\"target\":[\"https:\\\/\\\/koodaajia.fi\\\/evastekaytannot\\\/\"]}]},{\"@type\":\"BreadcrumbList\",\"@id\":\"https:\\\/\\\/koodaajia.fi\\\/evastekaytannot\\\/#breadcrumb\",\"itemListElement\":[{\"@type\":\"ListItem\",\"position\":1,\"name\":\"Etusivu\",\"item\":\"https:\\\/\\\/koodaajia.fi\\\/\"},{\"@type\":\"ListItem\",\"position\":2,\"name\":\"Tietoa ev\u00e4steist\u00e4\"}]},{\"@type\":\"WebSite\",\"@id\":\"https:\\\/\\\/koodaajia.fi\\\/#website\",\"url\":\"https:\\\/\\\/koodaajia.fi\\\/\",\"name\":\"Koodajia.fi by ECPro - Vuokraa ohjelmistokehitt\u00e4j\u00e4\",\"description\":\"Ohjelmistokehityksen huippuosaajia projektiisi\",\"publisher\":{\"@id\":\"https:\\\/\\\/koodaajia.fi\\\/#organization\"},\"alternateName\":\"Koodaajia.fi byb ECPro - Vuokraa koodari\",\"potentialAction\":[{\"@type\":\"SearchAction\",\"target\":{\"@type\":\"EntryPoint\",\"urlTemplate\":\"https:\\\/\\\/koodaajia.fi\\\/?s={search_term_string}\"},\"query-input\":{\"@type\":\"PropertyValueSpecification\",\"valueRequired\":true,\"valueName\":\"search_term_string\"}}],\"inLanguage\":\"en-US\"},{\"@type\":\"Organization\",\"@id\":\"https:\\\/\\\/koodaajia.fi\\\/#organization\",\"name\":\"Koodaajia.fi by ECPro\",\"alternateName\":\"Koodaajia.fi\",\"url\":\"https:\\\/\\\/koodaajia.fi\\\/\",\"logo\":{\"@type\":\"ImageObject\",\"inLanguage\":\"en-US\",\"@id\":\"https:\\\/\\\/koodaajia.fi\\\/#\\\/schema\\\/logo\\\/image\\\/\",\"url\":\"https:\\\/\\\/koodaajia.fi\\\/wp-content\\\/uploads\\\/2024\\\/08\\\/Site_logo.jpg\",\"contentUrl\":\"https:\\\/\\\/koodaajia.fi\\\/wp-content\\\/uploads\\\/2024\\\/08\\\/Site_logo.jpg\",\"width\":1130,\"height\":1130,\"caption\":\"Koodaajia.fi by ECPro\"},\"image\":{\"@id\":\"https:\\\/\\\/koodaajia.fi\\\/#\\\/schema\\\/logo\\\/image\\\/\"},\"sameAs\":[\"https:\\\/\\\/www.facebook.com\\\/koodaajia\\\/\",\"https:\\\/\\\/x.com\\\/koodaajia\",\"https:\\\/\\\/www.linkedin.com\\\/company\\\/koodaajia\\\/\"]}]}<\/script>\n<!-- \/ Yoast SEO plugin. -->","yoast_head_json":{"title":"Tietoa ev\u00e4steist\u00e4 - Koodaajia.fi","robots":{"index":"noindex","follow":"nofollow"},"og_locale":"en_US","og_type":"article","og_title":"Tietoa ev\u00e4steist\u00e4 - Koodaajia.fi","og_description":"Ev\u00e4stek\u00e4yt\u00e4nn\u00f6t Ev\u00e4stek\u00e4yt\u00e4nn\u00f6tVoimaantulop\u00e4iv\u00e4: 29. hein\u00e4kuuta 2024Viimeksi p\u00e4ivitetty: 31. hein\u00e4kuuta 2024 Mit\u00e4 ev\u00e4steet ovat?T\u00e4m\u00e4 ev\u00e4stek\u00e4yt\u00e4nt\u00f6 selitt\u00e4\u00e4, mit\u00e4 ev\u00e4steet ovat ja miten me k\u00e4yt\u00e4mme niit\u00e4, mink\u00e4 tyyppisi\u00e4 ev\u00e4steit\u00e4 k\u00e4yt\u00e4mme, eli mit\u00e4 tietoja ker\u00e4\u00e4mme ev\u00e4steiden avulla ja miten n\u00e4it\u00e4 tietoja k\u00e4ytet\u00e4\u00e4n, sek\u00e4 miten voit hallita ev\u00e4steasetuksia. Ev\u00e4steet ovat pieni\u00e4 tekstitiedostoja, joita k\u00e4ytet\u00e4\u00e4n pienten tietom\u00e4\u00e4rien tallentamiseen. Ne tallennetaan laitteellesi, kun [&hellip;]","og_url":"https:\/\/koodaajia.fi\/en\/evastekaytannot\/","og_site_name":"Koodaajia.fi","article_publisher":"https:\/\/www.facebook.com\/koodaajia\/","article_modified_time":"2024-10-04T11:39:36+00:00","og_image":[{"width":1200,"height":675,"url":"https:\/\/koodaajia.fi\/wp-content\/uploads\/2024\/09\/SEO_site_image.jpg","type":"image\/jpeg"}],"twitter_card":"summary_large_image","twitter_site":"@koodaajia","twitter_misc":{"Est. reading time":"3 minutes"},"schema":{"@context":"https:\/\/schema.org","@graph":[{"@type":"WebPage","@id":"https:\/\/koodaajia.fi\/evastekaytannot\/","url":"https:\/\/koodaajia.fi\/evastekaytannot\/","name":"Tietoa ev\u00e4steist\u00e4 - Koodaajia.fi","isPartOf":{"@id":"https:\/\/koodaajia.fi\/#website"},"datePublished":"2024-06-10T14:43:10+00:00","dateModified":"2024-10-04T11:39:36+00:00","breadcrumb":{"@id":"https:\/\/koodaajia.fi\/evastekaytannot\/#breadcrumb"},"inLanguage":"en-US","potentialAction":[{"@type":"ReadAction","target":["https:\/\/koodaajia.fi\/evastekaytannot\/"]}]},{"@type":"BreadcrumbList","@id":"https:\/\/koodaajia.fi\/evastekaytannot\/#breadcrumb","itemListElement":[{"@type":"ListItem","position":1,"name":"Etusivu","item":"https:\/\/koodaajia.fi\/"},{"@type":"ListItem","position":2,"name":"Tietoa ev\u00e4steist\u00e4"}]},{"@type":"WebSite","@id":"https:\/\/koodaajia.fi\/#website","url":"https:\/\/koodaajia.fi\/","name":"Koodajia.fi by ECPro - Vuokraa ohjelmistokehitt\u00e4j\u00e4","description":"Top software development professionals for your project","publisher":{"@id":"https:\/\/koodaajia.fi\/#organization"},"alternateName":"Koodaajia.fi byb ECPro - Vuokraa koodari","potentialAction":[{"@type":"SearchAction","target":{"@type":"EntryPoint","urlTemplate":"https:\/\/koodaajia.fi\/?s={search_term_string}"},"query-input":{"@type":"PropertyValueSpecification","valueRequired":true,"valueName":"search_term_string"}}],"inLanguage":"en-US"},{"@type":"Organization","@id":"https:\/\/koodaajia.fi\/#organization","name":"Koodaajia.fi by ECPro","alternateName":"Koodaajia.fi","url":"https:\/\/koodaajia.fi\/","logo":{"@type":"ImageObject","inLanguage":"en-US","@id":"https:\/\/koodaajia.fi\/#\/schema\/logo\/image\/","url":"https:\/\/koodaajia.fi\/wp-content\/uploads\/2024\/08\/Site_logo.jpg","contentUrl":"https:\/\/koodaajia.fi\/wp-content\/uploads\/2024\/08\/Site_logo.jpg","width":1130,"height":1130,"caption":"Koodaajia.fi by ECPro"},"image":{"@id":"https:\/\/koodaajia.fi\/#\/schema\/logo\/image\/"},"sameAs":["https:\/\/www.facebook.com\/koodaajia\/","https:\/\/x.com\/koodaajia","https:\/\/www.linkedin.com\/company\/koodaajia\/"]}]}},"_links":{"self":[{"href":"https:\/\/koodaajia.fi\/en\/wp-json\/wp\/v2\/pages\/725","targetHints":{"allow":["GET"]}}],"collection":[{"href":"https:\/\/koodaajia.fi\/en\/wp-json\/wp\/v2\/pages"}],"about":[{"href":"https:\/\/koodaajia.fi\/en\/wp-json\/wp\/v2\/types\/page"}],"author":[{"embeddable":true,"href":"https:\/\/koodaajia.fi\/en\/wp-json\/wp\/v2\/users\/7"}],"replies":[{"embeddable":true,"href":"https:\/\/koodaajia.fi\/en\/wp-json\/wp\/v2\/comments?post=725"}],"version-history":[{"count":2,"href":"https:\/\/koodaajia.fi\/en\/wp-json\/wp\/v2\/pages\/725\/revisions"}],"predecessor-version":[{"id":3958,"href":"https:\/\/koodaajia.fi\/en\/wp-json\/wp\/v2\/pages\/725\/revisions\/3958"}],"wp:attachment":[{"href":"https:\/\/koodaajia.fi\/en\/wp-json\/wp\/v2\/media?parent=725"}],"curies":[{"name":"wp","href":"https:\/\/api.w.org\/{rel}","templated":true}]}}